
{"id":60,"date":"2021-04-18T12:39:33","date_gmt":"2021-04-18T10:39:33","guid":{"rendered":"https:\/\/crclebrija.com\/ajubes\/?page_id=60"},"modified":"2021-05-01T09:14:15","modified_gmt":"2021-05-01T07:14:15","slug":"afiliarse","status":"publish","type":"page","link":"https:\/\/crclebrija.com\/ajubes\/afiliarse\/","title":{"rendered":"Afiliarse"},"content":{"rendered":"\n<p><strong><span style=\"color:#a2a300\" class=\"has-inline-color\">ATENCI\u00d3N:<\/span><\/strong> <strong><span style=\"color:#a30066\" class=\"has-inline-color\">Simplemente por afiliarse recibir\u00e1 una canci\u00f3n, en formato mp3, totalmente original, in\u00e9dita y de nuestra propiedad, en su correo electr\u00f3nico.<\/span><\/strong><\/p>\n\n\n\n<p>Si desea pertenecer a nuestra Plataforma de Jubilados, rellene el Formulario que sigue. <strong><span style=\"color:#9ea300\" class=\"has-inline-color\">Es totalmente gratu\u00edto<\/span><\/strong>. Tiene que saber que sus datos jam\u00e1s ser\u00e1n compartidos con nadie y que puede, en cualquier momento, pedir su exclusi\u00f3n de nuestro sistema. <\/p>\n\n\n\n<p>Los campos marcados con asterisco (*), son obligatorios. Cuando acabe de rellenarlo, pulse el bot\u00f3n de ENVIAR.<\/p>\n\n\n<div class=\"frm_forms  with_frm_style frm_style_estilos-formidable\" id=\"frm_form_2_container\" >\n<form enctype=\"multipart\/form-data\" method=\"post\" class=\"frm-show-form \" id=\"form_jubilados\" >\n<div class=\"frm_form_fields \">\n<fieldset>\n<legend class=\"frm_screen_reader\">JUBILADOS<\/legend>\r\n\r\n<div class=\"frm_fields_container\">\n<input type=\"hidden\" name=\"frm_action\" value=\"create\" \/>\n<input type=\"hidden\" name=\"form_id\" value=\"2\" \/>\n<input type=\"hidden\" name=\"frm_hide_fields_2\" id=\"frm_hide_fields_2\" value=\"\" \/>\n<input type=\"hidden\" name=\"form_key\" value=\"jubilados\" \/>\n<input type=\"hidden\" name=\"item_meta[0]\" value=\"\" \/>\n<input type=\"hidden\" id=\"frm_submit_entry_2\" name=\"frm_submit_entry_2\" value=\"319e8476d1\" \/><input type=\"hidden\" name=\"_wp_http_referer\" value=\"\/ajubes\/wp-json\/wp\/v2\/pages\/60\" \/><input type=\"hidden\" name=\"item_meta[6]\" id=\"field_kls48\" value=\"\" data-frmval=\"\"\/>\n<div id=\"frm_field_7_container\" class=\"frm_form_field form-field  frm_required_field frm_top_container\">\r\n    <label for=\"field_1akvj\" id=\"field_1akvj_label\" class=\"frm_primary_label\">NOMBRE COMPLETO:\r\n        <span class=\"frm_required\" aria-hidden=\"true\">*<\/span>\r\n    <\/label>\r\n    <input type=\"text\" id=\"field_1akvj\" name=\"item_meta[7]\" value=\"\"  data-reqmsg=\"NOMBRE COMPLETO: no puede estar en blanco.\" aria-required=\"true\" data-invmsg=\"Texto no es v\u00e1lido\" aria-invalid=\"false\"  \/>\r\n    \r\n    \r\n<\/div>\n<div id=\"frm_field_8_container\" class=\"frm_form_field form-field  frm_required_field frm_top_container\">\r\n    <label for=\"field_bk8s8\" id=\"field_bk8s8_label\" class=\"frm_primary_label\">DNI \u00f3 N\u00ba S.S.:\r\n        <span class=\"frm_required\" aria-hidden=\"true\">*<\/span>\r\n    <\/label>\r\n    <input type=\"text\" id=\"field_bk8s8\" name=\"item_meta[8]\" value=\"\"  data-reqmsg=\"DNI \u00f3 N\u00ba S.S.: no puede estar en blanco.\" aria-required=\"true\" data-invmsg=\"Texto no es v\u00e1lido\" aria-invalid=\"false\"  \/>\r\n    \r\n    \r\n<\/div>\n<div id=\"frm_field_9_container\" class=\"frm_form_field form-field  frm_required_field frm_top_container\">\r\n    <label for=\"field_5v4od\" id=\"field_5v4od_label\" class=\"frm_primary_label\">TEL\u00c9FONOS:\r\n        <span class=\"frm_required\" aria-hidden=\"true\">*<\/span>\r\n    <\/label>\r\n    <input type=\"tel\" id=\"field_5v4od\" name=\"item_meta[9]\" value=\"\"  data-reqmsg=\"TEL\u00c9FONOS: no puede estar en blanco.\" aria-required=\"true\" data-invmsg=\"Tel\u00e9fono no es v\u00e1lido\" aria-invalid=\"false\" pattern=\"((\\+\\d{1,3}(-|.| )?\\(?\\d\\)?(-| |.)?\\d{1,5})|(\\(?\\d{2,6}\\)?))(-|.| )?(\\d{3,4})(-|.| )?(\\d{4})(( x| ext)\\d{1,5}){0,1}$\"  \/>\r\n    \r\n    \r\n<\/div>\n<div id=\"frm_field_10_container\" class=\"frm_form_field form-field  frm_required_field frm_top_container\">\r\n    <label for=\"field_zi1l9\" id=\"field_zi1l9_label\" class=\"frm_primary_label\">FECHA DE JUBILACI\u00d3N:\r\n        <span class=\"frm_required\" aria-hidden=\"true\">*<\/span>\r\n    <\/label>\r\n    <input type=\"text\" id=\"field_zi1l9\" name=\"item_meta[10]\" value=\"\"  data-reqmsg=\"FECHA DE JUBILACI\u00d3N: no puede estar en blanco.\" aria-required=\"true\" data-invmsg=\"Texto no es v\u00e1lido\" aria-invalid=\"false\"  \/>\r\n    \r\n    \r\n<\/div>\n<div id=\"frm_field_11_container\" class=\"frm_form_field form-field  frm_required_field frm_top_container\">\r\n    <label for=\"field_9rmbz\" id=\"field_9rmbz_label\" class=\"frm_primary_label\">DIRECCI\u00d3N-CIUDAD-PROVINCIA-C\u00d3DIGO POSTAL:\r\n        <span class=\"frm_required\" aria-hidden=\"true\">*<\/span>\r\n    <\/label>\r\n    <input type=\"text\" id=\"field_9rmbz\" name=\"item_meta[11]\" value=\"\"  data-reqmsg=\"DIRECCI\u00d3N-CIUDAD-PROVINCIA-C\u00d3DIGO POSTAL: no puede estar en blanco.\" aria-required=\"true\" data-invmsg=\"Texto no es v\u00e1lido\" aria-invalid=\"false\"  \/>\r\n    \r\n    \r\n<\/div>\n<div id=\"frm_field_12_container\" class=\"frm_form_field form-field  frm_required_field frm_top_container\">\r\n    <label for=\"field_j68gs\" id=\"field_j68gs_label\" class=\"frm_primary_label\">CORREO ELECTR\u00d3NICO:\r\n        <span class=\"frm_required\" aria-hidden=\"true\">*<\/span>\r\n    <\/label>\r\n    <input type=\"email\" id=\"field_j68gs\" name=\"item_meta[12]\" value=\"\"  data-reqmsg=\"CORREO ELECTR\u00d3NICO: no puede estar en blanco.\" aria-required=\"true\" data-invmsg=\"Correo electr\u00f3nico no es v\u00e1lido\" aria-invalid=\"false\"  \/>\r\n    \r\n    \r\n<\/div>\n<div id=\"frm_field_13_container\" class=\"frm_form_field form-field  frm_top_container\">\r\n    <label for=\"field_fdioq\" id=\"field_fdioq_label\" class=\"frm_primary_label\">Sitio Web\/URL (Si tiene):\r\n        <span class=\"frm_required\" aria-hidden=\"true\"><\/span>\r\n    <\/label>\r\n    <input type=\"url\" id=\"field_fdioq\" name=\"item_meta[13]\" value=\"\"  data-invmsg=\"Sitio Web\/URL no es v\u00e1lido\" aria-invalid=\"false\"  \/>\r\n    \r\n    \r\n<\/div>\n<div id=\"frm_field_14_container\" class=\"frm_form_field form-field  frm_top_container vertical_radio\">\r\n    <div  id=\"field_zhg7d_label\" class=\"frm_primary_label\">Casillas\r\n        <span class=\"frm_required\" aria-hidden=\"true\"><\/span>\r\n    <\/div>\r\n    <div class=\"frm_opt_container\" aria-labelledby=\"field_zhg7d_label\" role=\"group\">\t\t<div class=\"frm_checkbox\" id=\"frm_checkbox_14-0\">\t\t\t<label  for=\"field_zhg7d-0\">\n\t\t\t<input type=\"checkbox\" name=\"item_meta[14][]\" id=\"field_zhg7d-0\" value=\"Donante\"  data-invmsg=\"Casillas no es v\u00e1lido\"   \/> Donante<\/label><\/div>\n\t\t<div class=\"frm_checkbox\" id=\"frm_checkbox_14-1\">\t\t\t<label  for=\"field_zhg7d-1\">\n\t\t\t<input type=\"checkbox\" name=\"item_meta[14][]\" id=\"field_zhg7d-1\" value=\"No Donante\"  data-invmsg=\"Casillas no es v\u00e1lido\"   \/> No Donante<\/label><\/div>\n<\/div>\r\n    \r\n    \r\n<\/div>\n<div id=\"frm_field_15_container\" class=\"frm_form_field form-field \">\n\t<div class=\"frm_submit\">\r\n\r\n<button class=\"frm_button_submit\" type=\"submit\"  >Enviar<\/button>\r\n\r\n<\/div>\n<\/div>\n\t<input type=\"hidden\" name=\"item_key\" value=\"\" \/>\n\t\t\t<div id=\"frm_field_16_container\">\n\t\t\t<label for=\"field_zt6e2\" >\n\t\t\t\tSi eres humano, deja este campo en blanco.\t\t\t<\/label>\n\t\t\t<input  id=\"field_zt6e2\" type=\"text\" class=\"frm_form_field form-field frm_verify\" name=\"item_meta[16]\" value=\"\"  \/>\n\t\t<\/div>\n\t\t<input name=\"frm_state\" type=\"hidden\" value=\"sdlhfvgChV67rfT7g6Q3MdCVCOnjuYuxBgChEZipGBE=\" \/><\/div>\n<\/fieldset>\n<\/div>\n\n<\/form>\n<\/div>\n\n\n\n\n<hr class=\"wp-block-separator\"\/>\n\n\n\n<div class=\"wp-block-cover alignfull has-background-dim\" style=\"min-height:979px;aspect-ratio:unset;\"><img loading=\"lazy\" decoding=\"async\" width=\"1452\" height=\"1154\" class=\"wp-block-cover__image-background wp-image-38\" alt=\"\" src=\"https:\/\/crclebrija.com\/ajubes\/wp-content\/uploads\/2021\/04\/fondo.jpg\" data-object-fit=\"cover\" srcset=\"https:\/\/crclebrija.com\/ajubes\/wp-content\/uploads\/2021\/04\/fondo.jpg 1452w, https:\/\/crclebrija.com\/ajubes\/wp-content\/uploads\/2021\/04\/fondo-300x238.jpg 300w, https:\/\/crclebrija.com\/ajubes\/wp-content\/uploads\/2021\/04\/fondo-1024x814.jpg 1024w, https:\/\/crclebrija.com\/ajubes\/wp-content\/uploads\/2021\/04\/fondo-768x610.jpg 768w, https:\/\/crclebrija.com\/ajubes\/wp-content\/uploads\/2021\/04\/fondo-1200x954.jpg 1200w\" sizes=\"auto, (max-width: 1452px) 100vw, 1452px\" \/><div class=\"wp-block-cover__inner-container is-layout-flow wp-block-cover-is-layout-flow\">\n<p class=\"has-text-align-center has-large-font-size\"><\/p>\n<\/div><\/div>\n","protected":false},"excerpt":{"rendered":"<p>ATENCI\u00d3N: Simplemente por afiliarse recibir\u00e1 una canci\u00f3n, en formato mp3, totalmente original, in\u00e9dita y de nuestra propiedad, en su correo electr\u00f3nico. Si desea pertenecer a nuestra Plataforma de Jubilados, rellene el Formulario que sigue. Es totalmente gratu\u00edto. Tiene que saber que sus datos jam\u00e1s ser\u00e1n compartidos con nadie y que puede, en cualquier momento, pedir [&hellip;]<\/p>\n","protected":false},"author":1,"featured_media":0,"parent":0,"menu_order":0,"comment_status":"closed","ping_status":"closed","template":"","meta":{"footnotes":""},"class_list":["post-60","page","type-page","status-publish","hentry"],"_links":{"self":[{"href":"https:\/\/crclebrija.com\/ajubes\/wp-json\/wp\/v2\/pages\/60","targetHints":{"allow":["GET"]}}],"collection":[{"href":"https:\/\/crclebrija.com\/ajubes\/wp-json\/wp\/v2\/pages"}],"about":[{"href":"https:\/\/crclebrija.com\/ajubes\/wp-json\/wp\/v2\/types\/page"}],"author":[{"embeddable":true,"href":"https:\/\/crclebrija.com\/ajubes\/wp-json\/wp\/v2\/users\/1"}],"replies":[{"embeddable":true,"href":"https:\/\/crclebrija.com\/ajubes\/wp-json\/wp\/v2\/comments?post=60"}],"version-history":[{"count":2,"href":"https:\/\/crclebrija.com\/ajubes\/wp-json\/wp\/v2\/pages\/60\/revisions"}],"predecessor-version":[{"id":106,"href":"https:\/\/crclebrija.com\/ajubes\/wp-json\/wp\/v2\/pages\/60\/revisions\/106"}],"wp:attachment":[{"href":"https:\/\/crclebrija.com\/ajubes\/wp-json\/wp\/v2\/media?parent=60"}],"curies":[{"name":"wp","href":"https:\/\/api.w.org\/{rel}","templated":true}]}}