
{"id":56,"date":"2021-04-18T12:33:56","date_gmt":"2021-04-18T10:33:56","guid":{"rendered":"https:\/\/crclebrija.com\/ajubes\/?page_id=56"},"modified":"2021-05-01T09:19:34","modified_gmt":"2021-05-01T07:19:34","slug":"donar","status":"publish","type":"page","link":"https:\/\/crclebrija.com\/ajubes\/donar\/","title":{"rendered":"Donar"},"content":{"rendered":"\n<p><strong><span style=\"color:#d9d530\" class=\"has-inline-color\">ATENCI\u00d3N:<\/span><span class=\"has-inline-color has-accent-color\"> Cualquier Donaci\u00f3n ser\u00e1 objeto de un regalo musical, que recibir\u00e1 en su correo electr\u00f3nico, en formato mp3. Importante saber que somos propietarios de los derechos de las canciones que se obsequien.<\/span><\/strong><\/p>\n\n\n<p style=\"text-align: center;\"><span style=\"color: #ffff00;\">Pulse el BOT\u00d3N situado abajo para realizar una Donaci\u00f3n,<\/span><\/p>\n<p style=\"text-align: center;\"><span style=\"color: #ffff00;\">a trav\u00e9s de PayPal o con Tarjeta de D\u00e9bito o Cr\u00e9dito.<\/span><\/p>\n<p style=\"text-align: center;\">(Desde 50 c\u00e9ntimos de Euro, su aportaci\u00f3n es muy importante)<\/p>\n\n\n<div class=\"wp-block-columns is-layout-flex wp-container-core-columns-is-layout-9d6595d7 wp-block-columns-is-layout-flex\">\n<div class=\"wp-block-column is-layout-flow wp-block-column-is-layout-flow\"><\/div>\n\n\n\n<div class=\"wp-block-column is-layout-flow wp-block-column-is-layout-flow\">\n<form action=\"https:\/\/www.paypal.com\/donate\" method=\"post\" target=\"_top\">\n<input type=\"hidden\" name=\"hosted_button_id\" value=\"AJ3UNKWTS8DEC\">\n<input type=\"image\" src=\"https:\/\/www.paypalobjects.com\/es_ES\/ES\/i\/btn\/btn_donateCC_LG.gif\" border=\"0\" name=\"submit\" title=\"PayPal - The safer, easier way to pay online!\" alt=\"Donate with PayPal button\">\n<img loading=\"lazy\" decoding=\"async\" alt=\"\" border=\"0\" src=\"https:\/\/www.paypal.com\/es_ES\/i\/scr\/pixel.gif\" width=\"1\" height=\"1\">\n<\/form>\n<\/div>\n\n\n\n<div class=\"wp-block-column is-layout-flow wp-block-column-is-layout-flow\"><\/div>\n<\/div>\n\n\n\n<hr class=\"wp-block-separator\"\/>\n\n\n\n<div class=\"wp-block-cover alignfull has-background-dim\" style=\"min-height:1049px;aspect-ratio:unset;\"><img loading=\"lazy\" decoding=\"async\" width=\"1452\" height=\"1154\" class=\"wp-block-cover__image-background wp-image-38\" alt=\"\" src=\"https:\/\/crclebrija.com\/ajubes\/wp-content\/uploads\/2021\/04\/fondo.jpg\" data-object-fit=\"cover\" srcset=\"https:\/\/crclebrija.com\/ajubes\/wp-content\/uploads\/2021\/04\/fondo.jpg 1452w, https:\/\/crclebrija.com\/ajubes\/wp-content\/uploads\/2021\/04\/fondo-300x238.jpg 300w, https:\/\/crclebrija.com\/ajubes\/wp-content\/uploads\/2021\/04\/fondo-1024x814.jpg 1024w, https:\/\/crclebrija.com\/ajubes\/wp-content\/uploads\/2021\/04\/fondo-768x610.jpg 768w, https:\/\/crclebrija.com\/ajubes\/wp-content\/uploads\/2021\/04\/fondo-1200x954.jpg 1200w\" sizes=\"auto, (max-width: 1452px) 100vw, 1452px\" \/><div class=\"wp-block-cover__inner-container is-layout-flow wp-block-cover-is-layout-flow\">\n<p class=\"has-text-align-center has-large-font-size\"><\/p>\n<\/div><\/div>\n","protected":false},"excerpt":{"rendered":"<p>ATENCI\u00d3N: Cualquier Donaci\u00f3n ser\u00e1 objeto de un regalo musical, que recibir\u00e1 en su correo electr\u00f3nico, en formato mp3. Importante saber que somos propietarios de los derechos de las canciones que se obsequien. Pulse el BOT\u00d3N situado abajo para realizar una Donaci\u00f3n, a trav\u00e9s de PayPal o con Tarjeta de D\u00e9bito o Cr\u00e9dito. (Desde 50 c\u00e9ntimos [&hellip;]<\/p>\n","protected":false},"author":1,"featured_media":0,"parent":0,"menu_order":0,"comment_status":"closed","ping_status":"closed","template":"","meta":{"footnotes":""},"class_list":["post-56","page","type-page","status-publish","hentry"],"_links":{"self":[{"href":"https:\/\/crclebrija.com\/ajubes\/wp-json\/wp\/v2\/pages\/56","targetHints":{"allow":["GET"]}}],"collection":[{"href":"https:\/\/crclebrija.com\/ajubes\/wp-json\/wp\/v2\/pages"}],"about":[{"href":"https:\/\/crclebrija.com\/ajubes\/wp-json\/wp\/v2\/types\/page"}],"author":[{"embeddable":true,"href":"https:\/\/crclebrija.com\/ajubes\/wp-json\/wp\/v2\/users\/1"}],"replies":[{"embeddable":true,"href":"https:\/\/crclebrija.com\/ajubes\/wp-json\/wp\/v2\/comments?post=56"}],"version-history":[{"count":4,"href":"https:\/\/crclebrija.com\/ajubes\/wp-json\/wp\/v2\/pages\/56\/revisions"}],"predecessor-version":[{"id":110,"href":"https:\/\/crclebrija.com\/ajubes\/wp-json\/wp\/v2\/pages\/56\/revisions\/110"}],"wp:attachment":[{"href":"https:\/\/crclebrija.com\/ajubes\/wp-json\/wp\/v2\/media?parent=56"}],"curies":[{"name":"wp","href":"https:\/\/api.w.org\/{rel}","templated":true}]}}