
{"id":52,"date":"2021-04-18T12:19:07","date_gmt":"2021-04-18T10:19:07","guid":{"rendered":"https:\/\/crclebrija.com\/ajubes\/?page_id=52"},"modified":"2022-10-06T08:51:59","modified_gmt":"2022-10-06T06:51:59","slug":"casos-reales","status":"publish","type":"page","link":"https:\/\/crclebrija.com\/ajubes\/casos-reales\/","title":{"rendered":"Casos reales"},"content":{"rendered":"\n<p>La idea de este apartado de la web es exponer casos reales, documentados, con pruebas y todo tipo de documentos que los avalen. Es muy importante que sepa que nunca publicaremos datos aqu\u00ed, pues solamente se expondr\u00e1n los caso recibidos y no datos personales o documentos sensibles.<\/p>\n\n\n\n<p>Los casos recibidos, una vez comprobados, se ir\u00e1n exponiendo en esta p\u00e1gina con un n\u00famero, que ser\u00e1 el correspondiente al orden de llegada a nuestro conocimiento. Comenzaremos por el N\u00ba 1, o primer caso recibido, para continuar, escrupulosamente, por orden de llegada.<\/p>\n\n\n\n<p><strong><span style=\"color:#dff307\" class=\"has-inline-color\">CASO REAL N\u00ba 1 (Primer Caso)<\/span><\/strong>.- Jubilado que recibe una demanda en su domicilio de un Juzgado, por la que se le reclama una cantidad importante. Lo primero que le dicen es que tiene 30 d\u00edas para presentarse en el Juzgado, acompa\u00f1ado de un Abogado y\/o Procurador. Intenta conseguir un Abogado de Oficio, pero con su pensi\u00f3n, de alrededor de 1.000 Euros mensuales, no tiene derecho a ello. Como tampoco dispone de dinero para un Abogado Privado, le imposibilita poder defenserse en el Proceso Judicial. Al poco tiempo, recibe una orden de embargo y lo efect\u00faan, inesperadamente, sobre el saldo de una cuenta corriente, en la que, como \u00fanico ingreso, recibe mensualmente su pensi\u00f3n. Este abono se hab\u00eda producido unos d\u00edas antes del embargo y el Jubilado hizo lo que la mayor\u00eda: Disponer, en efectivo, de parte del ingreso de su pensi\u00f3n y dejar el resto para atender los pocos recibos que tiene domiciliados en su cuenta. El resultado se puede adivinar f\u00e1cilmente. Cuenta sin saldo, recibos devueltos, etc&#8230;<\/p>\n\n\n\n<p>Como las desgracias nunca vienen solas, este Jubilado, a pesar de cobrar bastante menos de los 22.000 Euros al a\u00f1o que se requieren para cumplir con la obligaci\u00f3n de realizar la Declaraci\u00f3n de la Renta, pues recordemos que apenas llega a 16.000 Euros anuales (poco m\u00e1s de 1.000 Euros al mes), se da cuenta que, seg\u00fan los datos que recibe de la Seguridad Social, en el Certificado de Retenciones, Hacienda le ha retenido, por IRPF, unos 400 Euros m\u00e1s de lo que deb\u00eda pagar. Por este motivo, a\u00fan sin tener la obligaci\u00f3n, realiza la Declaraci\u00f3n de la Renta, con la idea de que Hacienda le devuelva los m\u00e1s de 400 Euros cobrados de m\u00e1s. Pues bien, tambi\u00e9n le embargan dicha cantidad.<\/p>\n\n\n\n<p>Evidentemente se puede ver aqu\u00ed la indefensi\u00f3n total y absoluta de este Jubilado, que en un momento, se ha visto que no dispone de dinero ni para comer. Por supuesto, entendemos que tanto el Banco, como Hacienda, son colaboradores necesarios en este drama, pues ellos, mejor que nadie, saben de d\u00f3nde provienen los ingresos del Jubilado y, a\u00fan as\u00ed, no manifestaron raz\u00f3n alguna para oponerse al embargo.<\/p>\n\n\n\n<p>Por descontado que, una vez enterado el Juzgado de que este Jubilado no tiene otros bienes y que s\u00f3lo dispone de su pensi\u00f3n, arreglar\u00e1 su problema (esperemos y deseamos) y realizar\u00e1 el embargo sobre la parte embargable de su pensi\u00f3n, seg\u00fan est\u00e1 previsto en la Ley. Pero mientras eso ocurre, el Jubilado est\u00e1 en la m\u00e1s absoluta de las miser\u00edas, teniendo que recurrir a alg\u00fan amigo o familiar.<\/p>\n\n\n\n<p>Esperemos que este caso, similar a muchos que suceden diariamente con nuestros mayores, anime a todo el que se sienta afectado, por \u00e9ste u otro motivo, en su etapa de jubilaci\u00f3n, a enviarnos sus casos documentados, los cuales expondremos aqu\u00ed gustosamente y, al mismo tiempo, conseguir, con una peque\u00f1a aportaci\u00f3n voluntaria, fondos para que un Letrado pueda hacerse cargo de la defensa de los casos que afecten a nuestros jubilados.<\/p>\n\n\n\n<h1 class=\"wp-block-heading\"><strong><span style=\"color:#f6de08\" class=\"has-inline-color\">ATENCI\u00d3N: \u00a1 \u00daLTIMA HORA !:<\/span><\/strong><\/h1>\n\n\n\n<p style=\"font-size:25px\"><strong><span style=\"color:#f60808\" class=\"has-inline-color\">El d\u00eda 19 de abril de 2021, el Juzgado comunica al perjudicado del <\/span><span style=\"color:#f7f208\" class=\"has-inline-color\">CASO REAL 1<\/span><span style=\"color:#f60808\" class=\"has-inline-color\">, expuesto anteriormente , que ha dado orden que <\/span><span style=\"color:#f7f208\" class=\"has-inline-color\">se le devuelva lo embargado<\/span><span style=\"color:#f60808\" class=\"has-inline-color\"> y que, como dice la Ley, se le embargar\u00e1 a partir de ahora la parte proporcional correspondiende de su pensi\u00f3n.<\/span><\/strong><\/p>\n\n\n<h4 style=\"text-align: center;\"><span style=\"color: #00ffff;\"><strong>Puede enviar su caso a nuestro correo electr\u00f3nico y ser\u00e1 publicado, si lo desea:<\/strong><\/span><\/h4>\n<h2 style=\"text-align: center;\"><span style=\"color: #ffff00;\"><strong>jubilados @ ajubes.com<\/strong><\/span><\/h2>\n\n\n<hr class=\"wp-block-separator has-css-opacity\"\/>\n\n\n\n<div class=\"wp-block-cover alignfull\" style=\"min-height:1018px;aspect-ratio:unset;\"><span aria-hidden=\"true\" class=\"wp-block-cover__background has-background-dim\"><\/span><img loading=\"lazy\" decoding=\"async\" width=\"1452\" height=\"1154\" class=\"wp-block-cover__image-background wp-image-38\" alt=\"\" src=\"https:\/\/crclebrija.com\/ajubes\/wp-content\/uploads\/2021\/04\/fondo.jpg\" data-object-fit=\"cover\" srcset=\"https:\/\/crclebrija.com\/ajubes\/wp-content\/uploads\/2021\/04\/fondo.jpg 1452w, https:\/\/crclebrija.com\/ajubes\/wp-content\/uploads\/2021\/04\/fondo-300x238.jpg 300w, https:\/\/crclebrija.com\/ajubes\/wp-content\/uploads\/2021\/04\/fondo-1024x814.jpg 1024w, https:\/\/crclebrija.com\/ajubes\/wp-content\/uploads\/2021\/04\/fondo-768x610.jpg 768w, https:\/\/crclebrija.com\/ajubes\/wp-content\/uploads\/2021\/04\/fondo-1200x954.jpg 1200w\" sizes=\"auto, (max-width: 1452px) 100vw, 1452px\" \/><div class=\"wp-block-cover__inner-container is-layout-flow wp-block-cover-is-layout-flow\">\n<p class=\"has-text-align-center has-large-font-size\"><\/p>\n<\/div><\/div>\n","protected":false},"excerpt":{"rendered":"<p>La idea de este apartado de la web es exponer casos reales, documentados, con pruebas y todo tipo de documentos que los avalen. Es muy importante que sepa que nunca publicaremos datos aqu\u00ed, pues solamente se expondr\u00e1n los caso recibidos y no datos personales o documentos sensibles. Los casos recibidos, una vez comprobados, se ir\u00e1n [&hellip;]<\/p>\n","protected":false},"author":1,"featured_media":0,"parent":0,"menu_order":0,"comment_status":"closed","ping_status":"closed","template":"templates\/template-full-width.php","meta":{"footnotes":""},"class_list":["post-52","page","type-page","status-publish","hentry"],"_links":{"self":[{"href":"https:\/\/crclebrija.com\/ajubes\/wp-json\/wp\/v2\/pages\/52","targetHints":{"allow":["GET"]}}],"collection":[{"href":"https:\/\/crclebrija.com\/ajubes\/wp-json\/wp\/v2\/pages"}],"about":[{"href":"https:\/\/crclebrija.com\/ajubes\/wp-json\/wp\/v2\/types\/page"}],"author":[{"embeddable":true,"href":"https:\/\/crclebrija.com\/ajubes\/wp-json\/wp\/v2\/users\/1"}],"replies":[{"embeddable":true,"href":"https:\/\/crclebrija.com\/ajubes\/wp-json\/wp\/v2\/comments?post=52"}],"version-history":[{"count":8,"href":"https:\/\/crclebrija.com\/ajubes\/wp-json\/wp\/v2\/pages\/52\/revisions"}],"predecessor-version":[{"id":172,"href":"https:\/\/crclebrija.com\/ajubes\/wp-json\/wp\/v2\/pages\/52\/revisions\/172"}],"wp:attachment":[{"href":"https:\/\/crclebrija.com\/ajubes\/wp-json\/wp\/v2\/media?parent=52"}],"curies":[{"name":"wp","href":"https:\/\/api.w.org\/{rel}","templated":true}]}}