
{"id":49,"date":"2021-04-18T12:10:20","date_gmt":"2021-04-18T10:10:20","guid":{"rendered":"https:\/\/crclebrija.com\/ajubes\/?page_id=49"},"modified":"2022-10-06T08:51:05","modified_gmt":"2022-10-06T06:51:05","slug":"objetivo","status":"publish","type":"page","link":"https:\/\/crclebrija.com\/ajubes\/objetivo\/","title":{"rendered":"Objetivo"},"content":{"rendered":"\n<p>El Objetivo principal que se persigue con esta Web del Jubilado, es la Defensa Judicial de todo Jubilado que pertenezca a nuestra plataforma y que se vea inmerso en un problema judicial que no pueda resolver por sus propios medios y que tampoco tenga derecho a un Abogado de Oficio.<\/p>\n\n\n\n<p>Es muy com\u00fan la imposibilidad de contratar un Abogado Defensor, debido a las altas tarifas que, en ning\u00fan caso puede soportar un jubilado medio. Suele ocurrir que la mayor\u00eda de jubilados no cumplen con las condiciones necesarias para tener un Abogado de Oficio y que tampoco pueden costearse un Abogado Privado.<\/p>\n\n\n\n<p>Existe otro problema, menos claro y demostrable, que consiste en que normalmente no se conf\u00eda en la Justicia Gratu\u00edta. En este caso es d\u00f3nde mejor podr\u00edamos enmarcar el Objetivo de nuestra Web, que no es otro sino que la Defensa la realice un Abogado de nuestra Plataforma, sin coste para el jubilado, simplemente por serlo<\/p>\n\n\n\n<p>Veamos, no obstante, qu\u00e9 dice la Constituci\u00f3n Espa\u00f1ola al respecto:<\/p>\n\n\n\n<p>El&nbsp;art. 119 de la Constituci\u00f3n Espa\u00f1ola, reconoce el&nbsp;derecho a la asistencia jur\u00eddica gratuita: \u201cLa justicia ser\u00e1 gratuita cuando as\u00ed lo disponga la Ley, y, en todo caso, respecto de quienes acrediten insuficiencia de recursos para litigar\u201d.<\/p>\n\n\n\n<p>El mencionado derecho comprende, entre otros, la&nbsp;defensa y representaci\u00f3n por Abogado y&nbsp;Procurador&nbsp;en los&nbsp;procedimientos judiciales&nbsp;y la exenci\u00f3n en el pago de dep\u00f3sitos.<br>Para optar a la asistencia jur\u00eddica gratuita es&nbsp;requisito&nbsp;ser espa\u00f1ol, miembro de un Estado Europeo o extranjeros que se encuentren en Espa\u00f1a y que acrediten insuficiencia de recursos para litigar.<br>El principal requisito para obtener el derecho a la asistencia jur\u00eddica gratuita es el&nbsp;baremo econ\u00f3mico: el l\u00edmite para poder obtener el derecho a la justicia gratu\u00edta, siempre que sea en Defensa de Derechos o Intereses propios, es el resultados de los ingresos econ\u00f3micos, de forma que, computados de forma anual y por unidad familiar, no superen:<\/p>\n\n\n\n<p>a) Dos veces el IPREM (Indicador P\u00fablico de Renta de Efectos M\u00faltiples) (Actualmente est\u00e1 congelado desde 2017 en un total anual de 7.519,59 Euros brutos, considerando 14 pagas), vigente en el momento de efectuar la solicitud cuando se trate de personas no integradas en ninguna unidad familiar.<br>b) Dos veces y media el IPREM vigente en el momento de efectuar la solicitud cuando se trate de personas integradas en alguna de las modalidades de unidad familiar con menos de cuatro miembros.<br>c) El triple del IPREM cuando se trate de unidades familiares integradas por cuatro o m\u00e1s miembros.<\/p>\n\n\n\n<p>A modo de ejemplo y seg\u00fan lo expuesto, en este momento, si tenemos un jubilado sin personas a su cargo, aplicar\u00edamos el apartado a), es decir, dos veces el IPREM, como m\u00e1ximo, para tener acceso a Justicia Gratu\u00edta. Esto ser\u00eda 7.519,59 x 2 = 15.039,18 Euros brutos anuales. Si analizamos esto podemos llegar a la conclusi\u00f3n de que si cobra m\u00e1s de 1.074,23 Euros brutos mensuales, no tendr\u00e1 derecho a Justicia Gratu\u00edta.<\/p>\n\n\n\n<p>Debido a todo lo expuesto, el Objetivo que se persigue en esta web es que cualquier jubilado afiliado a nuestra Plataforma tenga derecho a ser defendido por Abogados Privados colaboradores, de forma gratu\u00edta independientemente de la cuant\u00eda de su pensi\u00f3n y que, por supuesto, sea su \u00fanico ingreso (\u00e9ste ser\u00eda el \u00fanico requisito).<\/p>\n\n\n<h5 style=\"text-align: center;\"><span style=\"color: #ff6600;\">Nuestros Correos Electr\u00f3nicos:<\/span><\/h5>\n<h5 style=\"text-align: center;\"><span style=\"color: #ffff00;\"><strong>info @ ajubes.com<\/strong><\/span><\/h5>\n<h5 style=\"text-align: center;\"><span style=\"color: #ffff00;\">jubilados @ ajubes.com<\/span><\/h5>\n\n\n<div class=\"wp-block-columns is-layout-flex wp-container-core-columns-is-layout-9d6595d7 wp-block-columns-is-layout-flex\">\n<div class=\"wp-block-column is-layout-flow wp-block-column-is-layout-flow\">\n<a href=\"https:\/\/clientes.sered.net\/aff.php?aff=7526\"><img decoding=\"async\" border=\"0\" src=\"http:\/\/clientes.sered.net\/images\/afiliados\/175x110.png\"><\/a>\n<\/div>\n\n\n\n<div class=\"wp-block-column is-layout-flow wp-block-column-is-layout-flow\">\n<a href=\"https:\/\/clientes.sered.net\/aff.php?aff=7526\"><img decoding=\"async\" border=\"0\" src=\"http:\/\/clientes.sered.net\/images\/afiliados\/cupon_1_vertical.png\"><\/a>\n<\/div>\n\n\n\n<div class=\"wp-block-column is-layout-flow wp-block-column-is-layout-flow\">\n<a href=\"https:\/\/clientes.sered.net\/aff.php?aff=7526\"><img decoding=\"async\" border=\"0\" src=\"http:\/\/clientes.sered.net\/images\/afiliados\/300por250.png\"><\/a>\n<\/div>\n<\/div>\n\n\n\n<hr class=\"wp-block-separator has-css-opacity\"\/>\n\n\n\n<div class=\"wp-block-cover alignfull\" style=\"min-height:970px;aspect-ratio:unset;\"><span aria-hidden=\"true\" class=\"wp-block-cover__background has-background-dim\"><\/span><img loading=\"lazy\" decoding=\"async\" width=\"1452\" height=\"1154\" class=\"wp-block-cover__image-background wp-image-38\" alt=\"\" src=\"https:\/\/crclebrija.com\/ajubes\/wp-content\/uploads\/2021\/04\/fondo.jpg\" data-object-fit=\"cover\" srcset=\"https:\/\/crclebrija.com\/ajubes\/wp-content\/uploads\/2021\/04\/fondo.jpg 1452w, https:\/\/crclebrija.com\/ajubes\/wp-content\/uploads\/2021\/04\/fondo-300x238.jpg 300w, https:\/\/crclebrija.com\/ajubes\/wp-content\/uploads\/2021\/04\/fondo-1024x814.jpg 1024w, https:\/\/crclebrija.com\/ajubes\/wp-content\/uploads\/2021\/04\/fondo-768x610.jpg 768w, https:\/\/crclebrija.com\/ajubes\/wp-content\/uploads\/2021\/04\/fondo-1200x954.jpg 1200w\" sizes=\"auto, (max-width: 1452px) 100vw, 1452px\" \/><div class=\"wp-block-cover__inner-container is-layout-flow wp-block-cover-is-layout-flow\">\n<p class=\"has-text-align-center has-large-font-size\"><\/p>\n<\/div><\/div>\n","protected":false},"excerpt":{"rendered":"<p>El Objetivo principal que se persigue con esta Web del Jubilado, es la Defensa Judicial de todo Jubilado que pertenezca a nuestra plataforma y que se vea inmerso en un problema judicial que no pueda resolver por sus propios medios y que tampoco tenga derecho a un Abogado de Oficio. Es muy com\u00fan la imposibilidad [&hellip;]<\/p>\n","protected":false},"author":1,"featured_media":0,"parent":0,"menu_order":0,"comment_status":"closed","ping_status":"closed","template":"templates\/template-full-width.php","meta":{"footnotes":""},"class_list":["post-49","page","type-page","status-publish","hentry"],"_links":{"self":[{"href":"https:\/\/crclebrija.com\/ajubes\/wp-json\/wp\/v2\/pages\/49","targetHints":{"allow":["GET"]}}],"collection":[{"href":"https:\/\/crclebrija.com\/ajubes\/wp-json\/wp\/v2\/pages"}],"about":[{"href":"https:\/\/crclebrija.com\/ajubes\/wp-json\/wp\/v2\/types\/page"}],"author":[{"embeddable":true,"href":"https:\/\/crclebrija.com\/ajubes\/wp-json\/wp\/v2\/users\/1"}],"replies":[{"embeddable":true,"href":"https:\/\/crclebrija.com\/ajubes\/wp-json\/wp\/v2\/comments?post=49"}],"version-history":[{"count":5,"href":"https:\/\/crclebrija.com\/ajubes\/wp-json\/wp\/v2\/pages\/49\/revisions"}],"predecessor-version":[{"id":171,"href":"https:\/\/crclebrija.com\/ajubes\/wp-json\/wp\/v2\/pages\/49\/revisions\/171"}],"wp:attachment":[{"href":"https:\/\/crclebrija.com\/ajubes\/wp-json\/wp\/v2\/media?parent=49"}],"curies":[{"name":"wp","href":"https:\/\/api.w.org\/{rel}","templated":true}]}}