
{"id":37,"date":"2021-04-18T11:55:45","date_gmt":"2021-04-18T09:55:45","guid":{"rendered":"https:\/\/crclebrija.com\/ajubes\/?page_id=37"},"modified":"2021-04-18T17:33:37","modified_gmt":"2021-04-18T15:33:37","slug":"problemas","status":"publish","type":"page","link":"https:\/\/crclebrija.com\/ajubes\/problemas\/","title":{"rendered":"Problemas"},"content":{"rendered":"\n<p>Intentaremos enumerar aqu\u00ed los principales problema a los que se enfrentan hoy en Espa\u00f1a los jubilados.<\/p>\n\n\n\n<p>L\u00f3gicamente no est\u00e1 relacionada la gravedad de los problemas con el orden en que aqu\u00ed los enumeramos. Simplemente tratamos de exponerlos.<\/p>\n\n\n\n<ul class=\"wp-block-list\" id=\"block-d7ad14a0-113f-409e-a96b-6f78a45a2cbf\"><li><strong><span class=\"has-inline-color has-accent-color\">Miserable cuant\u00eda<\/span> <\/strong>en la mayor\u00eda de los casos.<\/li><li><strong><span class=\"has-inline-color has-accent-color\">P\u00e9rdida constante del poder adquisitivo<\/span><\/strong> de todo jubilado.<\/li><li><strong><span class=\"has-inline-color has-accent-color\">Procedimiento de cobro de la pensi\u00f3n.<\/span><\/strong> Esto cobra especial importancia, dado que en Espa\u00f1a es obligatorio el cobro de la pensi\u00f3n a trav\u00e9s de una cuenta bancaria. Si es obligatorio, no es de recibo que un banco cobre, a un jubilado, gastos de mantenimiento por el simple hecho de recibir la pensi\u00f3n en su cuenta corriente. Es decir, si estoy obligado a cobrar por un banco, \u00bfpor qu\u00e9 tengo que pagar por ello?.<\/li><li><strong><span class=\"has-inline-color has-accent-color\">Personas a cargo de un jubilado.<\/span><\/strong> No se puede olvidar que, por un lado la gran crisis espa\u00f1ola, unido a los problemas econ\u00f3micos generados por el Covid, han propiciado que muchos de los hijos ya emancipados anteriormente, hayan vuelto a la casa familiar, al amparo, casi siempre, de la cuant\u00eda de una pensi\u00f3n, al haber perdido todo tipo de ingresos.<\/li><\/ul>\n\n\n\n<p id=\"block-7f7b5732-1dbf-4b2a-8061-581a185182d5\">Evidentemente, los problemas de los jubilados son muchos m\u00e1s, pero podemos decir que los mencionados son los m\u00e1s importantes.<\/p>\n\n\n<h5 style=\"text-align: center;\"><span style=\"color: #ff6600;\">Nuestros Correos Electr\u00f3nicos:<\/span><\/h5>\n<h5 style=\"text-align: center;\"><span style=\"color: #ffff00;\"><strong>info @ ajubes.com<\/strong><\/span><\/h5>\n<h5 style=\"text-align: center;\"><span style=\"color: #ffff00;\">jubilados @ ajubes.com<\/span><\/h5>\n\n\n<div class=\"wp-block-columns is-layout-flex wp-container-core-columns-is-layout-9d6595d7 wp-block-columns-is-layout-flex\">\n<div class=\"wp-block-column is-layout-flow wp-block-column-is-layout-flow\">\n<a href=\"https:\/\/clientes.sered.net\/aff.php?aff=7526\"><img decoding=\"async\" border=\"0\" src=\"http:\/\/clientes.sered.net\/images\/afiliados\/cupon_2_cuadrado.png\"><\/a>\n<\/div>\n\n\n\n<div class=\"wp-block-column is-layout-flow wp-block-column-is-layout-flow\">\n<a href=\"https:\/\/clientes.sered.net\/aff.php?aff=7526\"><img decoding=\"async\" border=\"0\" src=\"http:\/\/clientes.sered.net\/images\/afiliados\/cupon_1_vertical.png\"><\/a>\n<\/div>\n\n\n\n<div class=\"wp-block-column is-layout-flow wp-block-column-is-layout-flow\">\n<a href=\"https:\/\/clientes.sered.net\/aff.php?aff=7526\"><img decoding=\"async\" border=\"0\" src=\"http:\/\/clientes.sered.net\/images\/afiliados\/175x110.png\"><\/a>\n<\/div>\n<\/div>\n\n\n\n<hr class=\"wp-block-separator\"\/>\n\n\n\n<div class=\"wp-block-cover alignfull has-background-dim\" style=\"min-height:1153px;aspect-ratio:unset;\"><img loading=\"lazy\" decoding=\"async\" width=\"1452\" height=\"1154\" class=\"wp-block-cover__image-background wp-image-38\" alt=\"\" src=\"https:\/\/crclebrija.com\/ajubes\/wp-content\/uploads\/2021\/04\/fondo.jpg\" data-object-fit=\"cover\" srcset=\"https:\/\/crclebrija.com\/ajubes\/wp-content\/uploads\/2021\/04\/fondo.jpg 1452w, https:\/\/crclebrija.com\/ajubes\/wp-content\/uploads\/2021\/04\/fondo-300x238.jpg 300w, https:\/\/crclebrija.com\/ajubes\/wp-content\/uploads\/2021\/04\/fondo-1024x814.jpg 1024w, https:\/\/crclebrija.com\/ajubes\/wp-content\/uploads\/2021\/04\/fondo-768x610.jpg 768w, https:\/\/crclebrija.com\/ajubes\/wp-content\/uploads\/2021\/04\/fondo-1200x954.jpg 1200w\" sizes=\"auto, (max-width: 1452px) 100vw, 1452px\" \/><div class=\"wp-block-cover__inner-container is-layout-flow wp-block-cover-is-layout-flow\">\n<p class=\"has-text-align-center has-large-font-size\"><\/p>\n<\/div><\/div>\n","protected":false},"excerpt":{"rendered":"<p>Intentaremos enumerar aqu\u00ed los principales problema a los que se enfrentan hoy en Espa\u00f1a los jubilados. L\u00f3gicamente no est\u00e1 relacionada la gravedad de los problemas con el orden en que aqu\u00ed los enumeramos. Simplemente tratamos de exponerlos. Miserable cuant\u00eda en la mayor\u00eda de los casos. P\u00e9rdida constante del poder adquisitivo de todo jubilado. Procedimiento de [&hellip;]<\/p>\n","protected":false},"author":1,"featured_media":0,"parent":0,"menu_order":0,"comment_status":"closed","ping_status":"closed","template":"templates\/template-full-width.php","meta":{"footnotes":""},"class_list":["post-37","page","type-page","status-publish","hentry"],"_links":{"self":[{"href":"https:\/\/crclebrija.com\/ajubes\/wp-json\/wp\/v2\/pages\/37","targetHints":{"allow":["GET"]}}],"collection":[{"href":"https:\/\/crclebrija.com\/ajubes\/wp-json\/wp\/v2\/pages"}],"about":[{"href":"https:\/\/crclebrija.com\/ajubes\/wp-json\/wp\/v2\/types\/page"}],"author":[{"embeddable":true,"href":"https:\/\/crclebrija.com\/ajubes\/wp-json\/wp\/v2\/users\/1"}],"replies":[{"embeddable":true,"href":"https:\/\/crclebrija.com\/ajubes\/wp-json\/wp\/v2\/comments?post=37"}],"version-history":[{"count":4,"href":"https:\/\/crclebrija.com\/ajubes\/wp-json\/wp\/v2\/pages\/37\/revisions"}],"predecessor-version":[{"id":76,"href":"https:\/\/crclebrija.com\/ajubes\/wp-json\/wp\/v2\/pages\/37\/revisions\/76"}],"wp:attachment":[{"href":"https:\/\/crclebrija.com\/ajubes\/wp-json\/wp\/v2\/media?parent=37"}],"curies":[{"name":"wp","href":"https:\/\/api.w.org\/{rel}","templated":true}]}}